{"id":9,"date":"2026-03-26T13:12:11","date_gmt":"2026-03-26T13:12:11","guid":{"rendered":"https:\/\/exciting-heyrovsky.5-56-166-59.plesk.page\/?page_id=9"},"modified":"2026-03-30T08:26:43","modified_gmt":"2026-03-30T08:26:43","slug":"aviso-legal","status":"publish","type":"page","link":"https:\/\/saludybellleza.com\/?page_id=9","title":{"rendered":"Aviso Legal"},"content":{"rendered":"\t\t<div data-elementor-type=\"wp-page\" data-elementor-id=\"9\" class=\"elementor elementor-9\" data-elementor-post-type=\"page\">\n\t\t\t\t<div class=\"elementor-element elementor-element-18bde4a e-flex e-con-boxed e-con e-parent\" data-id=\"18bde4a\" data-element_type=\"container\" data-e-type=\"container\">\n\t\t\t\t\t<div class=\"e-con-inner\">\n\t\t\t\t<div class=\"elementor-element elementor-element-7503dd80 elementor-widget elementor-widget-text-editor\" data-id=\"7503dd80\" data-element_type=\"widget\" data-e-type=\"widget\" data-widget_type=\"text-editor.default\">\n\t\t\t\t\t\t\t\t\t<p data-start=\"0\" data-end=\"60\">LEY DE LOS SERVICIOS DE LA SOCIEDAD DE LA INFORMACI\u00d3N (LSSI)<\/p><p data-start=\"66\" data-end=\"500\">BUENAVISTA GLOBAL CENTER SL, responsable del sitio web, en adelante RESPONSABLE, pone a disposici\u00f3n de los usuarios el presente documento, con el que pretende dar cumplimiento a las obligaciones dispuestas en la Ley 34\/2002, de 11 de julio, de Servicios de la Sociedad de la Informaci\u00f3n y de Comercio Electr\u00f3nico (LSSICE), BOE N.\u00ba 166, as\u00ed como informar a todos los usuarios del sitio web respecto a cu\u00e1les son las condiciones de uso.<\/p><p data-start=\"502\" data-end=\"735\">Toda persona que acceda a este sitio web asume el papel de usuario, comprometi\u00e9ndose a la observancia y cumplimiento riguroso de las disposiciones aqu\u00ed dispuestas, as\u00ed como a cualquier otra disposici\u00f3n legal que fuera de aplicaci\u00f3n.<\/p><p data-start=\"737\" data-end=\"1060\">BUENAVISTA GLOBAL CENTER SL se reserva el derecho de modificar cualquier tipo de informaci\u00f3n que pudiera aparecer en el sitio web, sin que exista obligaci\u00f3n de preavisar o poner en conocimiento de los usuarios dichas obligaciones, entendi\u00e9ndose como suficiente la publicaci\u00f3n en el sitio web de BUENAVISTA GLOBAL CENTER SL.<\/p><ol data-start=\"1062\" data-end=\"1086\"><li data-section-id=\"52oaom\" data-start=\"1062\" data-end=\"1086\">DATOS IDENTIFICATIVOS<\/li><\/ol><p data-start=\"1088\" data-end=\"1226\">Nombre de dominio: saludybellleza.com<br data-start=\"1125\" data-end=\"1128\" \/>Nombre comercial: BUENAVISTA GLOBAL CENTER SL<br data-start=\"1173\" data-end=\"1176\" \/>Denominaci\u00f3n social: BUENAVISTA GLOBAL CENTER SL<\/p><p data-start=\"1228\" data-end=\"1390\">NIF: B84951144<br data-start=\"1242\" data-end=\"1245\" \/>Domicilio social: CALLE TELECOMUNICACIONES 27, 28923, MADRID (ALCORC\u00d3N)<br data-start=\"1316\" data-end=\"1319\" \/>Tel\u00e9fono: &#8230;&#8230;&#8230;&#8230;&#8230;&#8230;&#8230;&#8230;<br data-start=\"1353\" data-end=\"1356\" \/>E-mail: &#8230;&#8230;&#8230;&#8230;&#8230;&#8230;&#8230;&#8230;<\/p><ol start=\"2\" data-start=\"1392\" data-end=\"1441\"><li data-section-id=\"uhi29n\" data-start=\"1392\" data-end=\"1441\">DERECHOS DE PROPIEDAD INTELECTUAL E INDUSTRIAL<\/li><\/ol><p data-start=\"1443\" data-end=\"1951\">El sitio web, incluyendo a t\u00edtulo enunciativo pero no limitativo su programaci\u00f3n, edici\u00f3n, compilaci\u00f3n y dem\u00e1s elementos necesarios para su funcionamiento, los dise\u00f1os, logotipos, texto y\/o gr\u00e1ficos, son propiedad del RESPONSABLE o, si es el caso, dispone de licencia o autorizaci\u00f3n expresa por parte de los autores. Todos los contenidos del sitio web se encuentran debidamente protegidos por la normativa de propiedad intelectual e industrial, as\u00ed como inscritos en los registros p\u00fablicos correspondientes.<\/p><p data-start=\"1953\" data-end=\"2325\">Independientemente de la finalidad para la que fueran destinados, la reproducci\u00f3n total o parcial, uso, explotaci\u00f3n, distribuci\u00f3n y comercializaci\u00f3n, requiere en todo caso la autorizaci\u00f3n escrita previa por parte del RESPONSABLE. Cualquier uso no autorizado previamente se considera un incumplimiento grave de los derechos de propiedad intelectual o industrial del autor.<\/p><p data-start=\"2327\" data-end=\"2784\">Los dise\u00f1os, logotipos, texto y\/o gr\u00e1ficos ajenos al RESPONSABLE y que pudieran aparecer en el sitio web, pertenecen a sus respectivos propietarios, siendo ellos mismos responsables de cualquier posible controversia que pudiera suscitarse respecto a los mismos. El RESPONSABLE autoriza expresamente a que terceros puedan redirigir directamente a los contenidos concretos del sitio web, y en todo caso redirigir al sitio web principal de saludybellleza.com.<\/p><p data-start=\"2786\" data-end=\"3101\">El RESPONSABLE reconoce a favor de sus titulares los correspondientes derechos de propiedad intelectual e industrial, no implicando su sola menci\u00f3n o aparici\u00f3n en el sitio web la existencia de derechos o responsabilidad alguna sobre los mismos, como tampoco respaldo, patrocinio o recomendaci\u00f3n por parte del mismo.<\/p><p data-start=\"3103\" data-end=\"3366\">Para realizar cualquier tipo de observaci\u00f3n respecto a posibles incumplimientos de los derechos de propiedad intelectual o industrial, as\u00ed como sobre cualquiera de los contenidos del sitio web, puede hacerlo a trav\u00e9s del correo electr\u00f3nico indicado anteriormente.<\/p><ol start=\"3\" data-start=\"3368\" data-end=\"3400\"><li data-section-id=\"dmhwyu\" data-start=\"3368\" data-end=\"3400\">EXENCI\u00d3N DE RESPONSABILIDADES<\/li><\/ol><p data-start=\"3402\" data-end=\"3751\">El RESPONSABLE se exime de cualquier tipo de responsabilidad derivada de la informaci\u00f3n publicada en su sitio web siempre que no tenga conocimiento efectivo de que esta informaci\u00f3n haya sido manipulada o introducida por un tercero ajeno al mismo o, si lo tiene, haya actuado con diligencia para retirar los datos o hacer imposible el acceso a ellos.<\/p><p data-start=\"3753\" data-end=\"3767\">Uso de Cookies<\/p><p data-start=\"3769\" data-end=\"4358\">Este sitio web puede utilizar cookies t\u00e9cnicas (peque\u00f1os archivos de informaci\u00f3n que el servidor env\u00eda al ordenador de quien accede a la p\u00e1gina) para llevar a cabo determinadas funciones que son consideradas imprescindibles para el correcto funcionamiento y visualizaci\u00f3n del sitio. Las cookies utilizadas tienen, en todo caso, car\u00e1cter temporal, con la \u00fanica finalidad de hacer m\u00e1s eficaz la navegaci\u00f3n, y desaparecen al terminar la sesi\u00f3n del usuario. En ning\u00fan caso, estas cookies proporcionan por s\u00ed mismas datos de car\u00e1cter personal y no se utilizar\u00e1n para la recogida de los mismos.<\/p><p data-start=\"4360\" data-end=\"4643\">Mediante el uso de cookies tambi\u00e9n es posible que el servidor donde se encuentra la web reconozca el navegador utilizado por el usuario con la finalidad de que la navegaci\u00f3n sea m\u00e1s sencilla. Este sitio web no instalar\u00e1 cookies prescindibles sin el consentimiento previo del usuario.<\/p><p data-start=\"4645\" data-end=\"4792\">El usuario tiene la posibilidad de configurar su navegador para ser alertado de la recepci\u00f3n de cookies y para impedir su instalaci\u00f3n en su equipo.<\/p><p data-start=\"4794\" data-end=\"4813\">Pol\u00edtica de enlaces<\/p><p data-start=\"4815\" data-end=\"5210\">Desde el sitio web, es posible que se redirija a contenidos de terceros sitios web. Dado que el RESPONSABLE no puede controlar siempre los contenidos introducidos por terceros en sus respectivos sitios web, no asume ning\u00fan tipo de responsabilidad respecto a dichos contenidos. En todo caso, proceder\u00e1 a la retirada inmediata de cualquier contenido que pudiera contravenir la legislaci\u00f3n vigente.<\/p><p data-start=\"5212\" data-end=\"5441\">El RESPONSABLE no se hace responsable de la informaci\u00f3n y contenidos almacenados en foros, chats, redes sociales u otros medios que permitan a terceros publicar contenidos de forma independiente en la p\u00e1gina web del RESPONSABLE.<\/p><p data-start=\"5443\" data-end=\"5658\">Este sitio web se ha revisado y probado para que funcione correctamente. Sin embargo, el RESPONSABLE no descarta la posibilidad de que existan ciertos errores o circunstancias que hagan imposible el acceso a la web.<\/p><p data-start=\"5660\" data-end=\"5674\">Direcciones IP<\/p><p data-start=\"5676\" data-end=\"5845\">Los servidores del sitio web podr\u00e1n detectar de manera autom\u00e1tica la direcci\u00f3n IP y el nombre de dominio utilizados por el usuario con fines exclusivamente estad\u00edsticos.<\/p><ol start=\"4\" data-start=\"5847\" data-end=\"5878\"><li data-section-id=\"k8wxc5\" data-start=\"5847\" data-end=\"5878\">LEY APLICABLE Y JURISDICCI\u00d3N<\/li><\/ol><p data-start=\"5880\" data-end=\"6135\" data-is-last-node=\"\" data-is-only-node=\"\">Para la resoluci\u00f3n de todas las controversias o cuestiones relacionadas con el presente sitio web o de las actividades en \u00e9l desarrolladas, ser\u00e1 de aplicaci\u00f3n la legislaci\u00f3n espa\u00f1ola, siendo competentes los Juzgados y Tribunales del domicilio del usuario.<\/p>\t\t\t\t\t\t\t\t<\/div>\n\t\t\t\t\t<\/div>\n\t\t\t\t<\/div>\n\t\t\t\t<\/div>\n\t\t","protected":false},"excerpt":{"rendered":"<p>LEY DE LOS SERVICIOS DE LA SOCIEDAD DE LA INFORMACI\u00d3N (LSSI) BUENAVISTA GLOBAL CENTER SL, responsable del sitio web, en adelante RESPONSABLE, pone a disposici\u00f3n de los usuarios el presente documento, con el que pretende dar cumplimiento a las obligaciones dispuestas en la Ley 34\/2002, de 11 de julio, de Servicios de la Sociedad de [&hellip;]<\/p>\n","protected":false},"author":1,"featured_media":0,"parent":0,"menu_order":0,"comment_status":"closed","ping_status":"closed","template":"","meta":{"_angie_page":false,"footnotes":""},"class_list":["post-9","page","type-page","status-publish","hentry"],"yoast_head":"<!-- This site is optimized with the Yoast SEO plugin v27.2 - https:\/\/yoast.com\/product\/yoast-seo-wordpress\/ -->\n<title>Aviso Legal - Talleres buenavista<\/title>\n<meta name=\"robots\" content=\"index, follow, max-snippet:-1, max-image-preview:large, max-video-preview:-1\" \/>\n<link rel=\"canonical\" href=\"https:\/\/saludybellleza.com\/?page_id=9\" \/>\n<meta property=\"og:locale\" content=\"es_ES\" \/>\n<meta property=\"og:type\" content=\"article\" \/>\n<meta property=\"og:title\" content=\"Aviso Legal - Talleres buenavista\" \/>\n<meta property=\"og:description\" content=\"LEY DE LOS SERVICIOS DE LA SOCIEDAD DE LA INFORMACI\u00d3N (LSSI) BUENAVISTA GLOBAL CENTER SL, responsable del sitio web, en adelante RESPONSABLE, pone a disposici\u00f3n de los usuarios el presente documento, con el que pretende dar cumplimiento a las obligaciones dispuestas en la Ley 34\/2002, de 11 de julio, de Servicios de la Sociedad de [&hellip;]\" \/>\n<meta property=\"og:url\" content=\"https:\/\/saludybellleza.com\/?page_id=9\" \/>\n<meta property=\"og:site_name\" content=\"Talleres buenavista\" \/>\n<meta property=\"article:modified_time\" content=\"2026-03-30T08:26:43+00:00\" \/>\n<meta name=\"twitter:card\" content=\"summary_large_image\" \/>\n<meta name=\"twitter:label1\" content=\"Tiempo de lectura\" \/>\n\t<meta name=\"twitter:data1\" content=\"5 minutos\" \/>\n<script type=\"application\/ld+json\" class=\"yoast-schema-graph\">{\"@context\":\"https:\/\/schema.org\",\"@graph\":[{\"@type\":\"WebPage\",\"@id\":\"https:\/\/saludybellleza.com\/?page_id=9\",\"url\":\"https:\/\/saludybellleza.com\/?page_id=9\",\"name\":\"Aviso Legal - Talleres buenavista\",\"isPartOf\":{\"@id\":\"https:\/\/saludybellleza.com\/#website\"},\"datePublished\":\"2026-03-26T13:12:11+00:00\",\"dateModified\":\"2026-03-30T08:26:43+00:00\",\"breadcrumb\":{\"@id\":\"https:\/\/saludybellleza.com\/?page_id=9#breadcrumb\"},\"inLanguage\":\"es\",\"potentialAction\":[{\"@type\":\"ReadAction\",\"target\":[\"https:\/\/saludybellleza.com\/?page_id=9\"]}]},{\"@type\":\"BreadcrumbList\",\"@id\":\"https:\/\/saludybellleza.com\/?page_id=9#breadcrumb\",\"itemListElement\":[{\"@type\":\"ListItem\",\"position\":1,\"name\":\"Portada\",\"item\":\"https:\/\/saludybellleza.com\/\"},{\"@type\":\"ListItem\",\"position\":2,\"name\":\"Aviso Legal\"}]},{\"@type\":\"WebSite\",\"@id\":\"https:\/\/saludybellleza.com\/#website\",\"url\":\"https:\/\/saludybellleza.com\/\",\"name\":\"Talleres buenavista\",\"description\":\"\",\"potentialAction\":[{\"@type\":\"SearchAction\",\"target\":{\"@type\":\"EntryPoint\",\"urlTemplate\":\"https:\/\/saludybellleza.com\/?s={search_term_string}\"},\"query-input\":{\"@type\":\"PropertyValueSpecification\",\"valueRequired\":true,\"valueName\":\"search_term_string\"}}],\"inLanguage\":\"es\"}]}<\/script>\n<!-- \/ Yoast SEO plugin. -->","yoast_head_json":{"title":"Aviso Legal - Talleres buenavista","robots":{"index":"index","follow":"follow","max-snippet":"max-snippet:-1","max-image-preview":"max-image-preview:large","max-video-preview":"max-video-preview:-1"},"canonical":"https:\/\/saludybellleza.com\/?page_id=9","og_locale":"es_ES","og_type":"article","og_title":"Aviso Legal - Talleres buenavista","og_description":"LEY DE LOS SERVICIOS DE LA SOCIEDAD DE LA INFORMACI\u00d3N (LSSI) BUENAVISTA GLOBAL CENTER SL, responsable del sitio web, en adelante RESPONSABLE, pone a disposici\u00f3n de los usuarios el presente documento, con el que pretende dar cumplimiento a las obligaciones dispuestas en la Ley 34\/2002, de 11 de julio, de Servicios de la Sociedad de [&hellip;]","og_url":"https:\/\/saludybellleza.com\/?page_id=9","og_site_name":"Talleres buenavista","article_modified_time":"2026-03-30T08:26:43+00:00","twitter_card":"summary_large_image","twitter_misc":{"Tiempo de lectura":"5 minutos"},"schema":{"@context":"https:\/\/schema.org","@graph":[{"@type":"WebPage","@id":"https:\/\/saludybellleza.com\/?page_id=9","url":"https:\/\/saludybellleza.com\/?page_id=9","name":"Aviso Legal - Talleres buenavista","isPartOf":{"@id":"https:\/\/saludybellleza.com\/#website"},"datePublished":"2026-03-26T13:12:11+00:00","dateModified":"2026-03-30T08:26:43+00:00","breadcrumb":{"@id":"https:\/\/saludybellleza.com\/?page_id=9#breadcrumb"},"inLanguage":"es","potentialAction":[{"@type":"ReadAction","target":["https:\/\/saludybellleza.com\/?page_id=9"]}]},{"@type":"BreadcrumbList","@id":"https:\/\/saludybellleza.com\/?page_id=9#breadcrumb","itemListElement":[{"@type":"ListItem","position":1,"name":"Portada","item":"https:\/\/saludybellleza.com\/"},{"@type":"ListItem","position":2,"name":"Aviso Legal"}]},{"@type":"WebSite","@id":"https:\/\/saludybellleza.com\/#website","url":"https:\/\/saludybellleza.com\/","name":"Talleres buenavista","description":"","potentialAction":[{"@type":"SearchAction","target":{"@type":"EntryPoint","urlTemplate":"https:\/\/saludybellleza.com\/?s={search_term_string}"},"query-input":{"@type":"PropertyValueSpecification","valueRequired":true,"valueName":"search_term_string"}}],"inLanguage":"es"}]}},"_links":{"self":[{"href":"https:\/\/saludybellleza.com\/index.php?rest_route=\/wp\/v2\/pages\/9","targetHints":{"allow":["GET"]}}],"collection":[{"href":"https:\/\/saludybellleza.com\/index.php?rest_route=\/wp\/v2\/pages"}],"about":[{"href":"https:\/\/saludybellleza.com\/index.php?rest_route=\/wp\/v2\/types\/page"}],"author":[{"embeddable":true,"href":"https:\/\/saludybellleza.com\/index.php?rest_route=\/wp\/v2\/users\/1"}],"replies":[{"embeddable":true,"href":"https:\/\/saludybellleza.com\/index.php?rest_route=%2Fwp%2Fv2%2Fcomments&post=9"}],"version-history":[{"count":3,"href":"https:\/\/saludybellleza.com\/index.php?rest_route=\/wp\/v2\/pages\/9\/revisions"}],"predecessor-version":[{"id":134,"href":"https:\/\/saludybellleza.com\/index.php?rest_route=\/wp\/v2\/pages\/9\/revisions\/134"}],"wp:attachment":[{"href":"https:\/\/saludybellleza.com\/index.php?rest_route=%2Fwp%2Fv2%2Fmedia&parent=9"}],"curies":[{"name":"wp","href":"https:\/\/api.w.org\/{rel}","templated":true}]}}