{"id":8,"date":"2026-03-26T13:12:11","date_gmt":"2026-03-26T13:12:11","guid":{"rendered":"https:\/\/exciting-heyrovsky.5-56-166-59.plesk.page\/?page_id=8"},"modified":"2026-03-30T08:28:42","modified_gmt":"2026-03-30T08:28:42","slug":"accesibilidad","status":"publish","type":"page","link":"https:\/\/saludybellleza.com\/?page_id=8","title":{"rendered":"Accesibilidad"},"content":{"rendered":"\t\t<div data-elementor-type=\"wp-page\" data-elementor-id=\"8\" class=\"elementor elementor-8\" data-elementor-post-type=\"page\">\n\t\t\t\t<div class=\"elementor-element elementor-element-9cf839f e-flex e-con-boxed e-con e-parent\" data-id=\"9cf839f\" data-element_type=\"container\" data-e-type=\"container\">\n\t\t\t\t\t<div class=\"e-con-inner\">\n\t\t\t\t<div class=\"elementor-element elementor-element-17211114 elementor-widget elementor-widget-text-editor\" data-id=\"17211114\" data-element_type=\"widget\" data-e-type=\"widget\" data-widget_type=\"text-editor.default\">\n\t\t\t\t\t\t\t\t\t<p class=\"has-text-align-center has-x-large-font-size\"><strong>Declaraci\u00f3n de Accesibilidad de<\/strong><\/p><p>\u00a0<\/p><p><a href=\"https:\/\/saludybellleza.com\/\">saludybellleza.com<\/a><\/p><p>\u00a0<\/p><p><b><\/b> <a href=\"https:\/\/saludybellleza.com\/\">saludybellleza.com<\/a> est\u00e1 comprometida con la accesibilidad de su sitio web. Esto se realiza en conformidad con el Real Decreto 1112\/2018 del 7 de septiembre, sobre la accesibilidad de los sitios web y aplicaciones m\u00f3viles del sector p\u00fablico. Este decreto adapta la Directiva (UE) 2016\/2102 a la legislaci\u00f3n espa\u00f1ola.<\/p><h2 class=\"wp-block-heading\">Estado de Conformidad<\/h2><p>Este sitio web cumple parcialmente con el Real Decreto 1112\/2018 debido a algunas excepciones y faltas de conformidad que se detallan a continuaci\u00f3n.<\/p><h2 class=\"wp-block-heading\">Contenido No Accesible<\/h2><p>Algunos contenidos no cumplen con los requisitos de accesibilidad por las siguientes razones:<\/p><h3 class=\"wp-block-heading\">Incumplimientos del RD 1112\/2018<\/h3><ul class=\"wp-block-list\"><li>Debido a la automatizaci\u00f3n en algunas publicaciones, puede haber problemas con el anidamiento incorrecto de etiquetas HTML.<\/li><li>Algunos documentos en formato PDF no cumplen con los est\u00e1ndares de accesibilidad, aunque se han proporcionado versiones alternativas en HTML que s\u00ed cumplen con la normativa.<\/li><li>Puede haber errores puntuales de edici\u00f3n en ciertas p\u00e1ginas del sitio web.<\/li><\/ul><h3 class=\"wp-block-heading\">Contenido fuera del \u00c1mbito de la Legislaci\u00f3n Aplicable<\/h3><ul class=\"wp-block-list\"><li>Documentos ofim\u00e1ticos en PDF u otros formatos, y aplicaciones publicadas antes del 20 de septiembre de 2018, que no cumplen con todos los requisitos de accesibilidad.<\/li><li>Contenido multimedia en directo.<\/li><li>Contenidos multimedia pregrabados, como sesiones plenarias y ruedas de prensa, o que fueron publicados antes de la entrada en vigor del Real Decreto.<\/li><li>Servicios de mapas y cartograf\u00eda en l\u00ednea.<\/li><\/ul><h2 class=\"wp-block-heading\">Preparaci\u00f3n de la Declaraci\u00f3n de Accesibilidad<\/h2><p>Esta declaraci\u00f3n fue preparada el 28 de octubre de 2019, basada en los informes del Observatorio de Accesibilidad Web. La \u00faltima revisi\u00f3n se realiz\u00f3 el 29 de septiembre de 2020.<\/p><h2 class=\"wp-block-heading\">Observaciones y Contacto<\/h2><p>Si desea hacer comentarios sobre la accesibilidad del sitio web (art\u00edculo 10.2 del RD 1112\/2018), puede:<\/p><ul class=\"wp-block-list\"><li>Informarnos sobre cualquier posible incumplimiento de accesibilidad.<\/li><li>Comunicar cualquier dificultad para acceder al contenido.<\/li><li>Hacer consultas o sugerencias para mejorar la accesibilidad del sitio web.<\/li><\/ul><p>Para contactarnos, utilice el formulario disponible en este sitio web en el siguiente enlace:\u00a0<a href=\"https:\/\/saludybellleza.com\/?page_id=29\" data-type=\"page\" data-id=\"13\"><strong>formul2ario de contacto<\/strong><\/a>. Su comunicaci\u00f3n ser\u00e1 recibida y atendida por nuestro equipo.<\/p><h2 class=\"wp-block-heading\">Caracter\u00edsticas Opcionales<\/h2><p>Este sitio web est\u00e1 creado por la\u00a0<a href=\"https:\/\/tuideadigital.com\/\">empresa:<\/a><\/p><p>Funciona con JavaScript no intrusivo y proporciona alternativas cuando el navegador no soporta JavaScript.<\/p><p>Ha sido dise\u00f1ado conforme a los est\u00e1ndares y normativas vigentes de accesibilidad, cumpliendo con los puntos de verificaci\u00f3n de prioridad 2 (AA) de las Pautas de Accesibilidad al Contenido en la Web (WCAG 2.1).<\/p><p>Cumple con los requisitos de la Norma UNE-EN 301549 v1.1.2:2015, con las excepciones especificadas en el Real Decreto 1112\/2018.<\/p><p>Est\u00e1 optimizado para una correcta visualizaci\u00f3n en dispositivos de escritorio, tablet y m\u00f3viles, con una resoluci\u00f3n m\u00ednima de 1280\u00d71024.<\/p><p>Utiliza HTML5 como lenguaje de marcado y CSS3 para el dise\u00f1o, garantizando la compatibilidad y el rendimiento \u00f3ptimo en todos los dispositivos.<\/p>\t\t\t\t\t\t\t\t<\/div>\n\t\t\t\t\t<\/div>\n\t\t\t\t<\/div>\n\t\t\t\t<\/div>\n\t\t","protected":false},"excerpt":{"rendered":"<p>Declaraci\u00f3n de Accesibilidad de \u00a0 saludybellleza.com \u00a0 saludybellleza.com est\u00e1 comprometida con la accesibilidad de su sitio web. Esto se realiza en conformidad con el Real Decreto 1112\/2018 del 7 de septiembre, sobre la accesibilidad de los sitios web y aplicaciones m\u00f3viles del sector p\u00fablico. Este decreto adapta la Directiva (UE) 2016\/2102 a la legislaci\u00f3n espa\u00f1ola. [&hellip;]<\/p>\n","protected":false},"author":1,"featured_media":0,"parent":0,"menu_order":0,"comment_status":"closed","ping_status":"closed","template":"","meta":{"_angie_page":false,"footnotes":""},"class_list":["post-8","page","type-page","status-publish","hentry"],"yoast_head":"<!-- This site is optimized with the Yoast SEO plugin v27.2 - https:\/\/yoast.com\/product\/yoast-seo-wordpress\/ -->\n<title>Accesibilidad - Talleres buenavista<\/title>\n<meta name=\"robots\" content=\"index, follow, max-snippet:-1, max-image-preview:large, max-video-preview:-1\" \/>\n<link rel=\"canonical\" href=\"https:\/\/saludybellleza.com\/?page_id=8\" \/>\n<meta property=\"og:locale\" content=\"es_ES\" \/>\n<meta property=\"og:type\" content=\"article\" \/>\n<meta property=\"og:title\" content=\"Accesibilidad - Talleres buenavista\" \/>\n<meta property=\"og:description\" content=\"Declaraci\u00f3n de Accesibilidad de \u00a0 saludybellleza.com \u00a0 saludybellleza.com est\u00e1 comprometida con la accesibilidad de su sitio web. Esto se realiza en conformidad con el Real Decreto 1112\/2018 del 7 de septiembre, sobre la accesibilidad de los sitios web y aplicaciones m\u00f3viles del sector p\u00fablico. Este decreto adapta la Directiva (UE) 2016\/2102 a la legislaci\u00f3n espa\u00f1ola. [&hellip;]\" \/>\n<meta property=\"og:url\" content=\"https:\/\/saludybellleza.com\/?page_id=8\" \/>\n<meta property=\"og:site_name\" content=\"Talleres buenavista\" \/>\n<meta property=\"article:modified_time\" content=\"2026-03-30T08:28:42+00:00\" \/>\n<meta name=\"twitter:card\" content=\"summary_large_image\" \/>\n<meta name=\"twitter:label1\" content=\"Tiempo de lectura\" \/>\n\t<meta name=\"twitter:data1\" content=\"3 minutos\" \/>\n<script type=\"application\/ld+json\" class=\"yoast-schema-graph\">{\"@context\":\"https:\/\/schema.org\",\"@graph\":[{\"@type\":\"WebPage\",\"@id\":\"https:\/\/saludybellleza.com\/?page_id=8\",\"url\":\"https:\/\/saludybellleza.com\/?page_id=8\",\"name\":\"Accesibilidad - Talleres buenavista\",\"isPartOf\":{\"@id\":\"https:\/\/saludybellleza.com\/#website\"},\"datePublished\":\"2026-03-26T13:12:11+00:00\",\"dateModified\":\"2026-03-30T08:28:42+00:00\",\"breadcrumb\":{\"@id\":\"https:\/\/saludybellleza.com\/?page_id=8#breadcrumb\"},\"inLanguage\":\"es\",\"potentialAction\":[{\"@type\":\"ReadAction\",\"target\":[\"https:\/\/saludybellleza.com\/?page_id=8\"]}]},{\"@type\":\"BreadcrumbList\",\"@id\":\"https:\/\/saludybellleza.com\/?page_id=8#breadcrumb\",\"itemListElement\":[{\"@type\":\"ListItem\",\"position\":1,\"name\":\"Portada\",\"item\":\"https:\/\/saludybellleza.com\/\"},{\"@type\":\"ListItem\",\"position\":2,\"name\":\"Accesibilidad\"}]},{\"@type\":\"WebSite\",\"@id\":\"https:\/\/saludybellleza.com\/#website\",\"url\":\"https:\/\/saludybellleza.com\/\",\"name\":\"Talleres buenavista\",\"description\":\"\",\"potentialAction\":[{\"@type\":\"SearchAction\",\"target\":{\"@type\":\"EntryPoint\",\"urlTemplate\":\"https:\/\/saludybellleza.com\/?s={search_term_string}\"},\"query-input\":{\"@type\":\"PropertyValueSpecification\",\"valueRequired\":true,\"valueName\":\"search_term_string\"}}],\"inLanguage\":\"es\"}]}<\/script>\n<!-- \/ Yoast SEO plugin. -->","yoast_head_json":{"title":"Accesibilidad - Talleres buenavista","robots":{"index":"index","follow":"follow","max-snippet":"max-snippet:-1","max-image-preview":"max-image-preview:large","max-video-preview":"max-video-preview:-1"},"canonical":"https:\/\/saludybellleza.com\/?page_id=8","og_locale":"es_ES","og_type":"article","og_title":"Accesibilidad - Talleres buenavista","og_description":"Declaraci\u00f3n de Accesibilidad de \u00a0 saludybellleza.com \u00a0 saludybellleza.com est\u00e1 comprometida con la accesibilidad de su sitio web. Esto se realiza en conformidad con el Real Decreto 1112\/2018 del 7 de septiembre, sobre la accesibilidad de los sitios web y aplicaciones m\u00f3viles del sector p\u00fablico. Este decreto adapta la Directiva (UE) 2016\/2102 a la legislaci\u00f3n espa\u00f1ola. [&hellip;]","og_url":"https:\/\/saludybellleza.com\/?page_id=8","og_site_name":"Talleres buenavista","article_modified_time":"2026-03-30T08:28:42+00:00","twitter_card":"summary_large_image","twitter_misc":{"Tiempo de lectura":"3 minutos"},"schema":{"@context":"https:\/\/schema.org","@graph":[{"@type":"WebPage","@id":"https:\/\/saludybellleza.com\/?page_id=8","url":"https:\/\/saludybellleza.com\/?page_id=8","name":"Accesibilidad - Talleres buenavista","isPartOf":{"@id":"https:\/\/saludybellleza.com\/#website"},"datePublished":"2026-03-26T13:12:11+00:00","dateModified":"2026-03-30T08:28:42+00:00","breadcrumb":{"@id":"https:\/\/saludybellleza.com\/?page_id=8#breadcrumb"},"inLanguage":"es","potentialAction":[{"@type":"ReadAction","target":["https:\/\/saludybellleza.com\/?page_id=8"]}]},{"@type":"BreadcrumbList","@id":"https:\/\/saludybellleza.com\/?page_id=8#breadcrumb","itemListElement":[{"@type":"ListItem","position":1,"name":"Portada","item":"https:\/\/saludybellleza.com\/"},{"@type":"ListItem","position":2,"name":"Accesibilidad"}]},{"@type":"WebSite","@id":"https:\/\/saludybellleza.com\/#website","url":"https:\/\/saludybellleza.com\/","name":"Talleres buenavista","description":"","potentialAction":[{"@type":"SearchAction","target":{"@type":"EntryPoint","urlTemplate":"https:\/\/saludybellleza.com\/?s={search_term_string}"},"query-input":{"@type":"PropertyValueSpecification","valueRequired":true,"valueName":"search_term_string"}}],"inLanguage":"es"}]}},"_links":{"self":[{"href":"https:\/\/saludybellleza.com\/index.php?rest_route=\/wp\/v2\/pages\/8","targetHints":{"allow":["GET"]}}],"collection":[{"href":"https:\/\/saludybellleza.com\/index.php?rest_route=\/wp\/v2\/pages"}],"about":[{"href":"https:\/\/saludybellleza.com\/index.php?rest_route=\/wp\/v2\/types\/page"}],"author":[{"embeddable":true,"href":"https:\/\/saludybellleza.com\/index.php?rest_route=\/wp\/v2\/users\/1"}],"replies":[{"embeddable":true,"href":"https:\/\/saludybellleza.com\/index.php?rest_route=%2Fwp%2Fv2%2Fcomments&post=8"}],"version-history":[{"count":3,"href":"https:\/\/saludybellleza.com\/index.php?rest_route=\/wp\/v2\/pages\/8\/revisions"}],"predecessor-version":[{"id":138,"href":"https:\/\/saludybellleza.com\/index.php?rest_route=\/wp\/v2\/pages\/8\/revisions\/138"}],"wp:attachment":[{"href":"https:\/\/saludybellleza.com\/index.php?rest_route=%2Fwp%2Fv2%2Fmedia&parent=8"}],"curies":[{"name":"wp","href":"https:\/\/api.w.org\/{rel}","templated":true}]}}