{"id":11,"date":"2026-03-26T13:12:11","date_gmt":"2026-03-26T13:12:11","guid":{"rendered":"https:\/\/exciting-heyrovsky.5-56-166-59.plesk.page\/?page_id=11"},"modified":"2026-03-30T08:31:30","modified_gmt":"2026-03-30T08:31:30","slug":"politica-de-privacidad","status":"publish","type":"page","link":"https:\/\/saludybellleza.com\/?page_id=11","title":{"rendered":"Pol\u00edtica de Privacidad"},"content":{"rendered":"\t\t<div data-elementor-type=\"wp-page\" data-elementor-id=\"11\" class=\"elementor elementor-11\" data-elementor-post-type=\"page\">\n\t\t\t\t<div class=\"elementor-element elementor-element-715935df e-flex e-con-boxed e-con e-parent\" data-id=\"715935df\" data-element_type=\"container\" data-e-type=\"container\">\n\t\t\t\t\t<div class=\"e-con-inner\">\n\t\t\t\t<div class=\"elementor-element elementor-element-3bf764b3 elementor-widget elementor-widget-text-editor\" data-id=\"3bf764b3\" data-element_type=\"widget\" data-e-type=\"widget\" data-widget_type=\"text-editor.default\">\n\t\t\t\t\t\t\t\t\t<p data-start=\"0\" data-end=\"24\">POL\u00cdTICA DE PRIVACIDAD<\/p><ol data-start=\"30\" data-end=\"57\"><li data-section-id=\"1kjdsza\" data-start=\"30\" data-end=\"57\">INFORMACI\u00d3N AL USUARIO<\/li><\/ol><p data-start=\"59\" data-end=\"126\">\u00bfQui\u00e9n es el responsable del tratamiento de tus datos personales?<\/p><p data-start=\"128\" data-end=\"380\">BUENAVISTA GLOBAL CENTER SL es el RESPONSABLE del tratamiento de los datos personales del USUARIO y le informa de que estos datos ser\u00e1n tratados de conformidad con lo dispuesto en el Reglamento (UE) 2016\/679 (RGPD) y la Ley Org\u00e1nica 3\/2018 (LOPDGDD).<\/p><p data-start=\"386\" data-end=\"428\">\u00bfPara qu\u00e9 tratamos tus datos personales?<\/p><p data-start=\"430\" data-end=\"544\">Para mantener una relaci\u00f3n comercial con el usuario. Las operaciones previstas para realizar el tratamiento son:<\/p><ul data-start=\"546\" data-end=\"885\"><li data-section-id=\"nnx4v0\" data-start=\"546\" data-end=\"650\">Remisi\u00f3n de comunicaciones comerciales publicitarias por e-mail, SMS, redes sociales u otros medios.<\/li><li data-section-id=\"wh3njg\" data-start=\"651\" data-end=\"714\">Realizaci\u00f3n de estudios de mercado y an\u00e1lisis estad\u00edsticos.<\/li><li data-section-id=\"ngurz1\" data-start=\"715\" data-end=\"805\">Tramitar solicitudes, consultas o cualquier tipo de petici\u00f3n realizada por el usuario.<\/li><li data-section-id=\"1xg8m3x\" data-start=\"806\" data-end=\"881\">Env\u00edo de boletines informativos sobre novedades, ofertas y promociones.<\/li><\/ul><p data-start=\"887\" data-end=\"941\">\u00bfPor qu\u00e9 motivo podemos tratar tus datos personales?<\/p><p data-start=\"943\" data-end=\"1010\">Porque el tratamiento est\u00e1 legitimado por el art\u00edculo 6 del RGPD:<\/p><ul data-start=\"1012\" data-end=\"1130\"><li data-section-id=\"h32e4e\" data-start=\"1012\" data-end=\"1043\">Consentimiento del usuario.<\/li><li data-section-id=\"1ec9hul\" data-start=\"1044\" data-end=\"1126\">Inter\u00e9s leg\u00edtimo del responsable para atender solicitudes o realizar an\u00e1lisis.<\/li><\/ul><p data-start=\"1132\" data-end=\"1181\">\u00bfDurante cu\u00e1nto tiempo conservaremos tus datos?<\/p><p data-start=\"1183\" data-end=\"1382\">Se conservar\u00e1n durante el tiempo necesario para cumplir con la finalidad del tratamiento o mientras existan obligaciones legales. Posteriormente ser\u00e1n eliminados con medidas de seguridad adecuadas.<\/p><p data-start=\"1388\" data-end=\"1432\">\u00bfA qui\u00e9n facilitamos tus datos personales?<\/p><p data-start=\"1434\" data-end=\"1649\">No se prev\u00e9 la cesi\u00f3n de datos a terceros, salvo obligaci\u00f3n legal o cuando sea necesario para la prestaci\u00f3n del servicio con proveedores, con los que se firmar\u00e1n los correspondientes contratos de confidencialidad.<\/p><p data-start=\"1655\" data-end=\"1682\">\u00bfCu\u00e1les son tus derechos?<\/p><p data-start=\"1684\" data-end=\"1713\">El usuario tiene derecho a:<\/p><ul data-start=\"1715\" data-end=\"1919\"><li data-section-id=\"7pin7w\" data-start=\"1715\" data-end=\"1765\">Retirar el consentimiento en cualquier momento<\/li><li data-section-id=\"fx5ad5\" data-start=\"1766\" data-end=\"1818\">Acceder, rectificar, suprimir y portar sus datos<\/li><li data-section-id=\"1nqtqzp\" data-start=\"1819\" data-end=\"1858\">Limitar u oponerse a su tratamiento<\/li><li data-section-id=\"ppvbp7\" data-start=\"1859\" data-end=\"1915\">Presentar una reclamaci\u00f3n ante la AEPD (<a class=\"decorated-link\" href=\"http:\/\/www.aepd.es\" target=\"_new\" rel=\"noopener\" data-start=\"1901\" data-end=\"1912\">www.aepd.es<\/a>)<\/li><\/ul><p data-start=\"1921\" data-end=\"1967\">Datos de contacto para ejercer sus derechos:<\/p><p data-start=\"1969\" data-end=\"2089\">BUENAVISTA GLOBAL CENTER SL<br data-start=\"1996\" data-end=\"1999\" \/>CALLE TELECOMUNICACIONES 27, 28923, MADRID (ALCORC\u00d3N)<br data-start=\"2052\" data-end=\"2055\" \/>E-mail: &#8230;&#8230;&#8230;&#8230;&#8230;&#8230;&#8230;&#8230;<\/p><ol start=\"2\" data-start=\"2095\" data-end=\"2152\"><li data-section-id=\"y0tcsh\" data-start=\"2095\" data-end=\"2152\">CAR\u00c1CTER OBLIGATORIO O FACULTATIVO DE LA INFORMACI\u00d3N<\/li><\/ol><p data-start=\"2154\" data-end=\"2356\">Los datos solicitados en formularios son necesarios para atender la petici\u00f3n del usuario. El usuario garantiza que los datos facilitados son veraces y se compromete a comunicar cualquier modificaci\u00f3n.<\/p><p data-start=\"2358\" data-end=\"2473\">En caso de no facilitar los datos obligatorios, no se garantiza que los servicios puedan prestarse correctamente.<\/p><ol start=\"3\" data-start=\"2479\" data-end=\"2504\"><li data-section-id=\"1768afo\" data-start=\"2479\" data-end=\"2504\">MEDIDAS DE SEGURIDAD<\/li><\/ol><p data-start=\"2506\" data-end=\"2768\">BUENAVISTA GLOBAL CENTER SL cumple con la normativa vigente en protecci\u00f3n de datos y garantiza que aplica las medidas t\u00e9cnicas y organizativas necesarias para proteger los datos personales de los usuarios, asegurando un tratamiento l\u00edcito, leal y transparente.<\/p><p data-start=\"2770\" data-end=\"2884\" data-is-last-node=\"\" data-is-only-node=\"\">Para m\u00e1s informaci\u00f3n, el usuario puede contactar con el responsable a trav\u00e9s de los datos indicados anteriormente.<\/p>\t\t\t\t\t\t\t\t<\/div>\n\t\t\t\t\t<\/div>\n\t\t\t\t<\/div>\n\t\t\t\t<\/div>\n\t\t","protected":false},"excerpt":{"rendered":"<p>POL\u00cdTICA DE PRIVACIDAD INFORMACI\u00d3N AL USUARIO \u00bfQui\u00e9n es el responsable del tratamiento de tus datos personales? BUENAVISTA GLOBAL CENTER SL es el RESPONSABLE del tratamiento de los datos personales del USUARIO y le informa de que estos datos ser\u00e1n tratados de conformidad con lo dispuesto en el Reglamento (UE) 2016\/679 (RGPD) y la Ley Org\u00e1nica [&hellip;]<\/p>\n","protected":false},"author":1,"featured_media":0,"parent":0,"menu_order":0,"comment_status":"closed","ping_status":"closed","template":"","meta":{"_angie_page":false,"footnotes":""},"class_list":["post-11","page","type-page","status-publish","hentry"],"yoast_head":"<!-- This site is optimized with the Yoast SEO plugin v27.2 - https:\/\/yoast.com\/product\/yoast-seo-wordpress\/ -->\n<title>Pol\u00edtica de Privacidad - Talleres buenavista<\/title>\n<meta name=\"robots\" content=\"index, follow, max-snippet:-1, max-image-preview:large, max-video-preview:-1\" \/>\n<link rel=\"canonical\" href=\"https:\/\/saludybellleza.com\/?page_id=11\" \/>\n<meta property=\"og:locale\" content=\"es_ES\" \/>\n<meta property=\"og:type\" content=\"article\" \/>\n<meta property=\"og:title\" content=\"Pol\u00edtica de Privacidad - Talleres buenavista\" \/>\n<meta property=\"og:description\" content=\"POL\u00cdTICA DE PRIVACIDAD INFORMACI\u00d3N AL USUARIO \u00bfQui\u00e9n es el responsable del tratamiento de tus datos personales? BUENAVISTA GLOBAL CENTER SL es el RESPONSABLE del tratamiento de los datos personales del USUARIO y le informa de que estos datos ser\u00e1n tratados de conformidad con lo dispuesto en el Reglamento (UE) 2016\/679 (RGPD) y la Ley Org\u00e1nica [&hellip;]\" \/>\n<meta property=\"og:url\" content=\"https:\/\/saludybellleza.com\/?page_id=11\" \/>\n<meta property=\"og:site_name\" content=\"Talleres buenavista\" \/>\n<meta property=\"article:modified_time\" content=\"2026-03-30T08:31:30+00:00\" \/>\n<meta name=\"twitter:card\" content=\"summary_large_image\" \/>\n<meta name=\"twitter:label1\" content=\"Tiempo de lectura\" \/>\n\t<meta name=\"twitter:data1\" content=\"2 minutos\" \/>\n<script type=\"application\/ld+json\" class=\"yoast-schema-graph\">{\"@context\":\"https:\/\/schema.org\",\"@graph\":[{\"@type\":\"WebPage\",\"@id\":\"https:\/\/saludybellleza.com\/?page_id=11\",\"url\":\"https:\/\/saludybellleza.com\/?page_id=11\",\"name\":\"Pol\u00edtica de Privacidad - Talleres buenavista\",\"isPartOf\":{\"@id\":\"https:\/\/saludybellleza.com\/#website\"},\"datePublished\":\"2026-03-26T13:12:11+00:00\",\"dateModified\":\"2026-03-30T08:31:30+00:00\",\"breadcrumb\":{\"@id\":\"https:\/\/saludybellleza.com\/?page_id=11#breadcrumb\"},\"inLanguage\":\"es\",\"potentialAction\":[{\"@type\":\"ReadAction\",\"target\":[\"https:\/\/saludybellleza.com\/?page_id=11\"]}]},{\"@type\":\"BreadcrumbList\",\"@id\":\"https:\/\/saludybellleza.com\/?page_id=11#breadcrumb\",\"itemListElement\":[{\"@type\":\"ListItem\",\"position\":1,\"name\":\"Portada\",\"item\":\"https:\/\/saludybellleza.com\/\"},{\"@type\":\"ListItem\",\"position\":2,\"name\":\"Pol\u00edtica de Privacidad\"}]},{\"@type\":\"WebSite\",\"@id\":\"https:\/\/saludybellleza.com\/#website\",\"url\":\"https:\/\/saludybellleza.com\/\",\"name\":\"Talleres buenavista\",\"description\":\"\",\"potentialAction\":[{\"@type\":\"SearchAction\",\"target\":{\"@type\":\"EntryPoint\",\"urlTemplate\":\"https:\/\/saludybellleza.com\/?s={search_term_string}\"},\"query-input\":{\"@type\":\"PropertyValueSpecification\",\"valueRequired\":true,\"valueName\":\"search_term_string\"}}],\"inLanguage\":\"es\"}]}<\/script>\n<!-- \/ Yoast SEO plugin. -->","yoast_head_json":{"title":"Pol\u00edtica de Privacidad - Talleres buenavista","robots":{"index":"index","follow":"follow","max-snippet":"max-snippet:-1","max-image-preview":"max-image-preview:large","max-video-preview":"max-video-preview:-1"},"canonical":"https:\/\/saludybellleza.com\/?page_id=11","og_locale":"es_ES","og_type":"article","og_title":"Pol\u00edtica de Privacidad - Talleres buenavista","og_description":"POL\u00cdTICA DE PRIVACIDAD INFORMACI\u00d3N AL USUARIO \u00bfQui\u00e9n es el responsable del tratamiento de tus datos personales? BUENAVISTA GLOBAL CENTER SL es el RESPONSABLE del tratamiento de los datos personales del USUARIO y le informa de que estos datos ser\u00e1n tratados de conformidad con lo dispuesto en el Reglamento (UE) 2016\/679 (RGPD) y la Ley Org\u00e1nica [&hellip;]","og_url":"https:\/\/saludybellleza.com\/?page_id=11","og_site_name":"Talleres buenavista","article_modified_time":"2026-03-30T08:31:30+00:00","twitter_card":"summary_large_image","twitter_misc":{"Tiempo de lectura":"2 minutos"},"schema":{"@context":"https:\/\/schema.org","@graph":[{"@type":"WebPage","@id":"https:\/\/saludybellleza.com\/?page_id=11","url":"https:\/\/saludybellleza.com\/?page_id=11","name":"Pol\u00edtica de Privacidad - Talleres buenavista","isPartOf":{"@id":"https:\/\/saludybellleza.com\/#website"},"datePublished":"2026-03-26T13:12:11+00:00","dateModified":"2026-03-30T08:31:30+00:00","breadcrumb":{"@id":"https:\/\/saludybellleza.com\/?page_id=11#breadcrumb"},"inLanguage":"es","potentialAction":[{"@type":"ReadAction","target":["https:\/\/saludybellleza.com\/?page_id=11"]}]},{"@type":"BreadcrumbList","@id":"https:\/\/saludybellleza.com\/?page_id=11#breadcrumb","itemListElement":[{"@type":"ListItem","position":1,"name":"Portada","item":"https:\/\/saludybellleza.com\/"},{"@type":"ListItem","position":2,"name":"Pol\u00edtica de Privacidad"}]},{"@type":"WebSite","@id":"https:\/\/saludybellleza.com\/#website","url":"https:\/\/saludybellleza.com\/","name":"Talleres buenavista","description":"","potentialAction":[{"@type":"SearchAction","target":{"@type":"EntryPoint","urlTemplate":"https:\/\/saludybellleza.com\/?s={search_term_string}"},"query-input":{"@type":"PropertyValueSpecification","valueRequired":true,"valueName":"search_term_string"}}],"inLanguage":"es"}]}},"_links":{"self":[{"href":"https:\/\/saludybellleza.com\/index.php?rest_route=\/wp\/v2\/pages\/11","targetHints":{"allow":["GET"]}}],"collection":[{"href":"https:\/\/saludybellleza.com\/index.php?rest_route=\/wp\/v2\/pages"}],"about":[{"href":"https:\/\/saludybellleza.com\/index.php?rest_route=\/wp\/v2\/types\/page"}],"author":[{"embeddable":true,"href":"https:\/\/saludybellleza.com\/index.php?rest_route=\/wp\/v2\/users\/1"}],"replies":[{"embeddable":true,"href":"https:\/\/saludybellleza.com\/index.php?rest_route=%2Fwp%2Fv2%2Fcomments&post=11"}],"version-history":[{"count":3,"href":"https:\/\/saludybellleza.com\/index.php?rest_route=\/wp\/v2\/pages\/11\/revisions"}],"predecessor-version":[{"id":144,"href":"https:\/\/saludybellleza.com\/index.php?rest_route=\/wp\/v2\/pages\/11\/revisions\/144"}],"wp:attachment":[{"href":"https:\/\/saludybellleza.com\/index.php?rest_route=%2Fwp%2Fv2%2Fmedia&parent=11"}],"curies":[{"name":"wp","href":"https:\/\/api.w.org\/{rel}","templated":true}]}}